{"id":11,"date":"2021-04-09T10:58:35","date_gmt":"2021-04-09T08:58:35","guid":{"rendered":"https:\/\/aamu-eiscafe.de\/?page_id=11"},"modified":"2024-08-29T09:49:25","modified_gmt":"2024-08-29T07:49:25","slug":"eismacherei","status":"publish","type":"page","link":"https:\/\/aamu-eiscafe.de\/?page_id=11","title":{"rendered":"Eismacherei"},"content":{"rendered":"\t\t<div data-elementor-type=\"wp-page\" data-elementor-id=\"11\" class=\"elementor elementor-11\">\n\t\t\t\t\t\t<section class=\"elementor-section elementor-top-section elementor-element elementor-element-013e465 elementor-section-boxed elementor-section-height-default elementor-section-height-default\" data-id=\"013e465\" data-element_type=\"section\" data-e-type=\"section\">\n\t\t\t\t\t\t<div class=\"elementor-container elementor-column-gap-no\">\n\t\t\t\t\t<div class=\"elementor-column elementor-col-100 elementor-top-column elementor-element elementor-element-64a1a5a\" data-id=\"64a1a5a\" data-element_type=\"column\" data-e-type=\"column\">\n\t\t\t<div class=\"elementor-widget-wrap elementor-element-populated\">\n\t\t\t\t\t\t\t<\/div>\n\t\t<\/div>\n\t\t\t\t\t<\/div>\n\t\t<\/section>\n\t\t\t\t<section class=\"elementor-section elementor-top-section elementor-element elementor-element-fcfdb05 elementor-section-boxed elementor-section-height-default elementor-section-height-default\" data-id=\"fcfdb05\" data-element_type=\"section\" data-e-type=\"section\">\n\t\t\t\t\t\t<div class=\"elementor-container elementor-column-gap-default\">\n\t\t\t\t\t<div class=\"elementor-column elementor-col-100 elementor-top-column elementor-element elementor-element-4f17bee\" data-id=\"4f17bee\" data-element_type=\"column\" data-e-type=\"column\">\n\t\t\t<div class=\"elementor-widget-wrap elementor-element-populated\">\n\t\t\t\t\t\t<div class=\"elementor-element elementor-element-020d998 elementor-widget elementor-widget-text-editor\" data-id=\"020d998\" data-element_type=\"widget\" data-e-type=\"widget\" data-widget_type=\"text-editor.default\">\n\t\t\t\t<div class=\"elementor-widget-container\">\n\t\t\t\t\t\t\t\t\t<h2>FRISCHE UND QUALIT\u00c4T<\/h2><p>\u00a0<\/p><p>Wer sein Eis genie\u00dft, ob im Caf\u00e9haus oder zu Hause, der m\u00f6chte die richtigen Fruchtst\u00fccke sp\u00fcren, doch diese d\u00fcrfen nicht zu gro\u00df und nicht zu klein sein. Somit ist hier viel \u00dcbung erforderlich.<\/p>\t\t\t\t\t\t\t\t<\/div>\n\t\t\t\t<\/div>\n\t\t\t\t\t<\/div>\n\t\t<\/div>\n\t\t\t\t\t<\/div>\n\t\t<\/section>\n\t\t\t\t<section class=\"elementor-section elementor-top-section elementor-element elementor-element-68fb7b9 elementor-section-boxed elementor-section-height-default elementor-section-height-default\" data-id=\"68fb7b9\" data-element_type=\"section\" data-e-type=\"section\">\n\t\t\t\t\t\t<div class=\"elementor-container elementor-column-gap-default\">\n\t\t\t\t\t<div class=\"elementor-column elementor-col-50 elementor-top-column elementor-element elementor-element-f8cfea6\" data-id=\"f8cfea6\" data-element_type=\"column\" data-e-type=\"column\">\n\t\t\t<div class=\"elementor-widget-wrap elementor-element-populated\">\n\t\t\t\t\t\t<div class=\"elementor-element elementor-element-f40484f elementor-widget elementor-widget-text-editor\" data-id=\"f40484f\" data-element_type=\"widget\" data-e-type=\"widget\" data-widget_type=\"text-editor.default\">\n\t\t\t\t<div class=\"elementor-widget-container\">\n\t\t\t\t\t\t\t\t\t<p>Daher verarbeiten wir ausschlie\u00dflich frische Fr\u00fcchte f\u00fcr unsere Sorbettos, frische Milch f\u00fcr unser Milcheis und verzichten immer auf k\u00fcnstliche Aromen und vorgefertigte Pasten.<br \/>Uns ist es wichtig, nur die besten Zutaten zu verwenden. So entsprechen Fr\u00fcchte und Milch, sowie Saucen und Streusel, rundum alle unserer Zutaten, den h\u00f6chsten Qualit\u00e4tsmerkmalen.<\/p><p>Frische Zutaten sind selbstverst\u00e4ndlich und die Verwendung frischen Vanillemarks \u2013 per Hand aus den Schoten geschabt \u2013 nur ein Highlight.<br \/>Obst, N\u00fcsse, Schokosplitter und Nougatsauce werden mit hohem Qualit\u00e4tsanspruch verarbeitet.<br \/>Beim Aamu-Eis verzichten wir auf k\u00fcnstliche Aromastoffe und verarbeiten einen hohen Fruchtanteil.<\/p>\t\t\t\t\t\t\t\t<\/div>\n\t\t\t\t<\/div>\n\t\t\t\t\t<\/div>\n\t\t<\/div>\n\t\t\t\t<div class=\"elementor-column elementor-col-50 elementor-top-column elementor-element elementor-element-72416fc\" data-id=\"72416fc\" data-element_type=\"column\" data-e-type=\"column\">\n\t\t\t<div class=\"elementor-widget-wrap elementor-element-populated\">\n\t\t\t\t\t\t<div class=\"elementor-element elementor-element-13b6432 elementor-widget elementor-widget-image\" data-id=\"13b6432\" data-element_type=\"widget\" data-e-type=\"widget\" data-widget_type=\"image.default\">\n\t\t\t\t<div class=\"elementor-widget-container\">\n\t\t\t\t\t\t\t\t\t\t\t\t\t\t\t<img fetchpriority=\"high\" decoding=\"async\" width=\"530\" height=\"375\" src=\"https:\/\/aamu-eiscafe.de\/wp-content\/uploads\/2021\/04\/eis_3.jpeg\" class=\"attachment-large size-large wp-image-63\" alt=\"\" srcset=\"https:\/\/aamu-eiscafe.de\/wp-content\/uploads\/2021\/04\/eis_3.jpeg 530w, https:\/\/aamu-eiscafe.de\/wp-content\/uploads\/2021\/04\/eis_3-300x212.jpeg 300w\" sizes=\"(max-width: 530px) 100vw, 530px\" \/>\t\t\t\t\t\t\t\t\t\t\t\t\t\t\t<\/div>\n\t\t\t\t<\/div>\n\t\t\t\t\t<\/div>\n\t\t<\/div>\n\t\t\t\t\t<\/div>\n\t\t<\/section>\n\t\t\t\t<section class=\"elementor-section elementor-top-section elementor-element elementor-element-ee039d8 elementor-section-boxed elementor-section-height-default elementor-section-height-default\" data-id=\"ee039d8\" data-element_type=\"section\" data-e-type=\"section\">\n\t\t\t\t\t\t<div class=\"elementor-container elementor-column-gap-default\">\n\t\t\t\t\t<div class=\"elementor-column elementor-col-50 elementor-top-column elementor-element elementor-element-c562d62\" data-id=\"c562d62\" data-element_type=\"column\" data-e-type=\"column\">\n\t\t\t<div class=\"elementor-widget-wrap elementor-element-populated\">\n\t\t\t\t\t\t<div class=\"elementor-element elementor-element-2d1212d elementor-widget elementor-widget-text-editor\" data-id=\"2d1212d\" data-element_type=\"widget\" data-e-type=\"widget\" data-widget_type=\"text-editor.default\">\n\t\t\t\t<div class=\"elementor-widget-container\">\n\t\t\t\t\t\t\t\t\t<h2>SELBSTGEMACHT<\/h2>\t\t\t\t\t\t\t\t<\/div>\n\t\t\t\t<\/div>\n\t\t\t\t<div class=\"elementor-element elementor-element-2cf66a2 elementor-widget elementor-widget-text-editor\" data-id=\"2cf66a2\" data-element_type=\"widget\" data-e-type=\"widget\" data-widget_type=\"text-editor.default\">\n\t\t\t\t<div class=\"elementor-widget-container\">\n\t\t\t\t\t\t\t\t\t<p>Wer handwerklich produziert, produziert individuell und somit sind unsere Kirschen, Schokoladenst\u00fccken, N\u00fcsse und Mandeln nicht immer gleichm\u00e4\u00dfig verteilt, denn die Hand ist keine Maschine, doch durch Handwerk sind wir immer besser als jedes Industrieprodukt, denn hier bestimmen wir den Takt und nicht die Maschine. Dies ist handwerkliche Qualit\u00e4t.<\/p><p>Wir f\u00fcllen von Hand ab. Jeden einzelnen Becher. Der Grund ist die Erhaltung der Qualit\u00e4t. Denn nur schonendste Verarbeitung und beste Zutaten sind das Ergebnis und das hei\u00dft: Aamu Eis.<\/p>\t\t\t\t\t\t\t\t<\/div>\n\t\t\t\t<\/div>\n\t\t\t\t<div class=\"elementor-element elementor-element-4abf226 elementor-widget elementor-widget-button\" data-id=\"4abf226\" data-element_type=\"widget\" data-e-type=\"widget\" data-widget_type=\"button.default\">\n\t\t\t\t<div class=\"elementor-widget-container\">\n\t\t\t\t\t\t\t\t\t<div class=\"elementor-button-wrapper\">\n\t\t\t\t\t<a class=\"elementor-button elementor-button-link elementor-size-sm\" href=\"https:\/\/aamu-eiscafe.de\/?page_id=17\">\n\t\t\t\t\t\t<span class=\"elementor-button-content-wrapper\">\n\t\t\t\t\t\t\t\t\t<span class=\"elementor-button-text\">KONTAKT<\/span>\n\t\t\t\t\t<\/span>\n\t\t\t\t\t<\/a>\n\t\t\t\t<\/div>\n\t\t\t\t\t\t\t\t<\/div>\n\t\t\t\t<\/div>\n\t\t\t\t\t<\/div>\n\t\t<\/div>\n\t\t\t\t<div class=\"elementor-column elementor-col-50 elementor-top-column elementor-element elementor-element-18ac19f\" data-id=\"18ac19f\" data-element_type=\"column\" data-e-type=\"column\">\n\t\t\t<div class=\"elementor-widget-wrap elementor-element-populated\">\n\t\t\t\t\t\t<div class=\"elementor-element elementor-element-2025a41 elementor-widget elementor-widget-image\" data-id=\"2025a41\" data-element_type=\"widget\" data-e-type=\"widget\" data-widget_type=\"image.default\">\n\t\t\t\t<div class=\"elementor-widget-container\">\n\t\t\t\t\t\t\t\t\t\t\t\t\t\t\t<img decoding=\"async\" width=\"530\" height=\"375\" src=\"https:\/\/aamu-eiscafe.de\/wp-content\/uploads\/2021\/04\/eis_2.jpeg\" class=\"attachment-large size-large wp-image-62\" alt=\"\" srcset=\"https:\/\/aamu-eiscafe.de\/wp-content\/uploads\/2021\/04\/eis_2.jpeg 530w, https:\/\/aamu-eiscafe.de\/wp-content\/uploads\/2021\/04\/eis_2-300x212.jpeg 300w\" sizes=\"(max-width: 530px) 100vw, 530px\" \/>\t\t\t\t\t\t\t\t\t\t\t\t\t\t\t<\/div>\n\t\t\t\t<\/div>\n\t\t\t\t\t<\/div>\n\t\t<\/div>\n\t\t\t\t\t<\/div>\n\t\t<\/section>\n\t\t\t\t<section class=\"elementor-section elementor-top-section elementor-element elementor-element-56b113c elementor-section-boxed elementor-section-height-default elementor-section-height-default\" data-id=\"56b113c\" data-element_type=\"section\" data-e-type=\"section\">\n\t\t\t\t\t\t<div class=\"elementor-container elementor-column-gap-default\">\n\t\t\t\t\t<div class=\"elementor-column elementor-col-100 elementor-top-column elementor-element elementor-element-23012cb\" data-id=\"23012cb\" data-element_type=\"column\" data-e-type=\"column\">\n\t\t\t<div class=\"elementor-widget-wrap elementor-element-populated\">\n\t\t\t\t\t\t<div class=\"elementor-element elementor-element-0a50b6f elementor-widget elementor-widget-text-editor\" data-id=\"0a50b6f\" data-element_type=\"widget\" data-e-type=\"widget\" data-widget_type=\"text-editor.default\">\n\t\t\t\t<div class=\"elementor-widget-container\">\n\t\t\t\t\t\t\t\t\t<h2>HANDARBEIT<\/h2><p>Wir beziehen viele unserer Zutaten daher aus nat\u00fcrlichem Anbau und\u00a0 achten ebenso auf fair gehandelte Produkte.<br \/>Frische hei\u00dft bei uns auch, dass jedes Eis frisch hergestellt ist. Geringe Lagerzeiten versprechen besten Geschmack und feinste Cremigkeit.<br \/>Das alles kombiniert ergibt h\u00f6chste Qualit\u00e4t und diese ist nicht zuletzt der Grund warum sich das Aamu-Eis gr\u00f6\u00dfter Beliebtheit erfreut.<\/p>\t\t\t\t\t\t\t\t<\/div>\n\t\t\t\t<\/div>\n\t\t\t\t\t<\/div>\n\t\t<\/div>\n\t\t\t\t\t<\/div>\n\t\t<\/section>\n\t\t\t\t<section class=\"elementor-section elementor-top-section elementor-element elementor-element-2f18fb7 elementor-section-boxed elementor-section-height-default elementor-section-height-default\" data-id=\"2f18fb7\" data-element_type=\"section\" data-e-type=\"section\">\n\t\t\t\t\t\t<div class=\"elementor-container elementor-column-gap-default\">\n\t\t\t\t\t<div class=\"elementor-column elementor-col-50 elementor-top-column elementor-element elementor-element-25f2ed6\" data-id=\"25f2ed6\" data-element_type=\"column\" data-e-type=\"column\">\n\t\t\t<div class=\"elementor-widget-wrap elementor-element-populated\">\n\t\t\t\t\t\t<div class=\"elementor-element elementor-element-dbdac91 elementor-widget elementor-widget-text-editor\" data-id=\"dbdac91\" data-element_type=\"widget\" data-e-type=\"widget\" data-widget_type=\"text-editor.default\">\n\t\t\t\t<div class=\"elementor-widget-container\">\n\t\t\t\t\t\t\t\t\t<p>Unser Eis ist immer handwerklich hergestellt, das hei\u00dft: Jede Kugel die ihr bei uns essen und jeder Becher den ihr kauft ist zu 100% in Aamu-Qualit\u00e4t von Hand hergestellt und abgef\u00fcllt.<\/p><p>Warum wir das machen? Ganz einfach:<br \/>Wir wollen bestimmen, was in unser Eis kommt!<\/p><p>Nur durch bewusste Handarbeit k\u00f6nnen wir die Qualit\u00e4t und die Herkunft unserer Produkte garantieren und so die Aamu-Qualit\u00e4t stets aufrecht erhalten.<br \/>Au\u00dferdem verspricht uns das Selbermachen eine gewisse Individualit\u00e4t und wir k\u00f6nnen uns als leidenschaftliche Eismacher kreativ ausleben. Das erkennt ihr an unseren stets variierenden und neuen Eiskreationen.<\/p>\t\t\t\t\t\t\t\t<\/div>\n\t\t\t\t<\/div>\n\t\t\t\t<div class=\"elementor-element elementor-element-62ec6a3 elementor-widget elementor-widget-button\" data-id=\"62ec6a3\" data-element_type=\"widget\" data-e-type=\"widget\" data-widget_type=\"button.default\">\n\t\t\t\t<div class=\"elementor-widget-container\">\n\t\t\t\t\t\t\t\t\t<div class=\"elementor-button-wrapper\">\n\t\t\t\t\t<a class=\"elementor-button elementor-button-link elementor-size-sm\" href=\"https:\/\/aamu-eiscafe.de\/?page_id=17\">\n\t\t\t\t\t\t<span class=\"elementor-button-content-wrapper\">\n\t\t\t\t\t\t\t\t\t<span class=\"elementor-button-text\">KONTAKT<\/span>\n\t\t\t\t\t<\/span>\n\t\t\t\t\t<\/a>\n\t\t\t\t<\/div>\n\t\t\t\t\t\t\t\t<\/div>\n\t\t\t\t<\/div>\n\t\t\t\t\t<\/div>\n\t\t<\/div>\n\t\t\t\t<div class=\"elementor-column elementor-col-50 elementor-top-column elementor-element elementor-element-bdb736e\" data-id=\"bdb736e\" data-element_type=\"column\" data-e-type=\"column\">\n\t\t\t<div class=\"elementor-widget-wrap elementor-element-populated\">\n\t\t\t\t\t\t<div class=\"elementor-element elementor-element-edd2d3c elementor-widget elementor-widget-image\" data-id=\"edd2d3c\" data-element_type=\"widget\" data-e-type=\"widget\" data-widget_type=\"image.default\">\n\t\t\t\t<div class=\"elementor-widget-container\">\n\t\t\t\t\t\t\t\t\t\t\t\t\t\t\t<img decoding=\"async\" width=\"530\" height=\"375\" src=\"https:\/\/aamu-eiscafe.de\/wp-content\/uploads\/2021\/04\/Eis2.jpeg\" class=\"attachment-large size-large wp-image-64\" alt=\"\" srcset=\"https:\/\/aamu-eiscafe.de\/wp-content\/uploads\/2021\/04\/Eis2.jpeg 530w, https:\/\/aamu-eiscafe.de\/wp-content\/uploads\/2021\/04\/Eis2-300x212.jpeg 300w\" sizes=\"(max-width: 530px) 100vw, 530px\" \/>\t\t\t\t\t\t\t\t\t\t\t\t\t\t\t<\/div>\n\t\t\t\t<\/div>\n\t\t\t\t\t<\/div>\n\t\t<\/div>\n\t\t\t\t\t<\/div>\n\t\t<\/section>\n\t\t\t\t<\/div>\n\t\t","protected":false},"excerpt":{"rendered":"<p>FRISCHE UND QUALIT\u00c4T \u00a0 Wer sein Eis genie\u00dft, ob im Caf\u00e9haus oder zu Hause, der m\u00f6chte die richtigen Fruchtst\u00fccke sp\u00fcren, doch diese d\u00fcrfen nicht zu gro\u00df und nicht zu klein sein. Somit ist hier viel \u00dcbung erforderlich. Daher verarbeiten wir ausschlie\u00dflich frische Fr\u00fcchte f\u00fcr unsere Sorbettos, frische Milch f\u00fcr unser Milcheis und verzichten immer auf [&hellip;]<\/p>\n","protected":false},"author":1,"featured_media":0,"parent":0,"menu_order":0,"comment_status":"closed","ping_status":"closed","template":"elementor_header_footer","meta":{"site-sidebar-layout":"default","site-content-layout":"default","ast-site-content-layout":"default","site-content-style":"default","site-sidebar-style":"default","ast-global-header-display":"","ast-banner-title-visibility":"","ast-main-header-display":"","ast-hfb-above-header-display":"","ast-hfb-below-header-display":"","ast-hfb-mobile-header-display":"","site-post-title":"","ast-breadcrumbs-content":"","ast-featured-img":"","footer-sml-layout":"","ast-disable-related-posts":"","theme-transparent-header-meta":"default","adv-header-id-meta":"","stick-header-meta":"default","header-above-stick-meta":"","header-main-stick-meta":"","header-below-stick-meta":"","astra-migrate-meta-layouts":"default","ast-page-background-enabled":"default","ast-page-background-meta":{"desktop":{"background-color":"","background-image":"","background-repeat":"repeat","background-position":"center center","background-size":"auto","background-attachment":"scroll","background-type":"","background-media":"","overlay-type":"","overlay-color":"","overlay-opacity":"","overlay-gradient":""},"tablet":{"background-color":"","background-image":"","background-repeat":"repeat","background-position":"center center","background-size":"auto","background-attachment":"scroll","background-type":"","background-media":"","overlay-type":"","overlay-color":"","overlay-opacity":"","overlay-gradient":""},"mobile":{"background-color":"","background-image":"","background-repeat":"repeat","background-position":"center center","background-size":"auto","background-attachment":"scroll","background-type":"","background-media":"","overlay-type":"","overlay-color":"","overlay-opacity":"","overlay-gradient":""}},"ast-content-background-meta":{"desktop":{"background-color":"var(--ast-global-color-5)","background-image":"","background-repeat":"repeat","background-position":"center center","background-size":"auto","background-attachment":"scroll","background-type":"","background-media":"","overlay-type":"","overlay-color":"","overlay-opacity":"","overlay-gradient":""},"tablet":{"background-color":"var(--ast-global-color-5)","background-image":"","background-repeat":"repeat","background-position":"center center","background-size":"auto","background-attachment":"scroll","background-type":"","background-media":"","overlay-type":"","overlay-color":"","overlay-opacity":"","overlay-gradient":""},"mobile":{"background-color":"var(--ast-global-color-5)","background-image":"","background-repeat":"repeat","background-position":"center center","background-size":"auto","background-attachment":"scroll","background-type":"","background-media":"","overlay-type":"","overlay-color":"","overlay-opacity":"","overlay-gradient":""}},"footnotes":""},"class_list":["post-11","page","type-page","status-publish","hentry"],"_links":{"self":[{"href":"https:\/\/aamu-eiscafe.de\/index.php?rest_route=\/wp\/v2\/pages\/11","targetHints":{"allow":["GET"]}}],"collection":[{"href":"https:\/\/aamu-eiscafe.de\/index.php?rest_route=\/wp\/v2\/pages"}],"about":[{"href":"https:\/\/aamu-eiscafe.de\/index.php?rest_route=\/wp\/v2\/types\/page"}],"author":[{"embeddable":true,"href":"https:\/\/aamu-eiscafe.de\/index.php?rest_route=\/wp\/v2\/users\/1"}],"replies":[{"embeddable":true,"href":"https:\/\/aamu-eiscafe.de\/index.php?rest_route=%2Fwp%2Fv2%2Fcomments&post=11"}],"version-history":[{"count":3,"href":"https:\/\/aamu-eiscafe.de\/index.php?rest_route=\/wp\/v2\/pages\/11\/revisions"}],"predecessor-version":[{"id":2599,"href":"https:\/\/aamu-eiscafe.de\/index.php?rest_route=\/wp\/v2\/pages\/11\/revisions\/2599"}],"wp:attachment":[{"href":"https:\/\/aamu-eiscafe.de\/index.php?rest_route=%2Fwp%2Fv2%2Fmedia&parent=11"}],"curies":[{"name":"wp","href":"https:\/\/api.w.org\/{rel}","templated":true}]}}